{"id":1466,"date":"2021-12-16T14:37:06","date_gmt":"2021-12-16T13:37:06","guid":{"rendered":"https:\/\/www.wildschuetz.it\/cookies\/"},"modified":"2023-03-31T16:13:00","modified_gmt":"2023-03-31T14:13:00","slug":"cookies","status":"publish","type":"page","link":"https:\/\/www.wildschuetz.it\/it\/cookies\/","title":{"rendered":"Cookies"},"content":{"rendered":"[vc_row type=&#8221;in_container&#8221; full_screen_row_position=&#8221;middle&#8221; column_margin=&#8221;default&#8221; column_direction=&#8221;default&#8221; column_direction_tablet=&#8221;default&#8221; column_direction_phone=&#8221;default&#8221; scene_position=&#8221;center&#8221; text_color=&#8221;dark&#8221; text_align=&#8221;left&#8221; row_border_radius=&#8221;none&#8221; row_border_radius_applies=&#8221;bg&#8221; overflow=&#8221;visible&#8221; overlay_strength=&#8221;0.3&#8243; gradient_direction=&#8221;left_to_right&#8221; shape_divider_position=&#8221;bottom&#8221; bg_image_animation=&#8221;none&#8221;][vc_column column_padding=&#8221;no-extra-padding&#8221; column_padding_tablet=&#8221;inherit&#8221; column_padding_phone=&#8221;inherit&#8221; column_padding_position=&#8221;all&#8221; column_element_direction_desktop=&#8221;default&#8221; column_element_spacing=&#8221;default&#8221; desktop_text_alignment=&#8221;default&#8221; tablet_text_alignment=&#8221;default&#8221; phone_text_alignment=&#8221;default&#8221; background_color_opacity=&#8221;1&#8243; background_hover_color_opacity=&#8221;1&#8243; column_backdrop_filter=&#8221;none&#8221; column_shadow=&#8221;none&#8221; column_border_radius=&#8221;none&#8221; column_link_target=&#8221;_self&#8221; column_position=&#8221;default&#8221; gradient_direction=&#8221;left_to_right&#8221; overlay_strength=&#8221;0.3&#8243; width=&#8221;1\/1&#8243; tablet_width_inherit=&#8221;default&#8221; animation_type=&#8221;default&#8221; bg_image_animation=&#8221;none&#8221; border_type=&#8221;simple&#8221; column_border_width=&#8221;none&#8221; column_border_style=&#8221;solid&#8221;][vc_column_text]La Direttiva UE 2009\/136\/CE (E-Privacy) regola l&#8217;uso dei cookie sui siti web. In Italia \u00e8 stata recepita il 25 maggio 2012.<\/p>\n<p>&nbsp;<\/p>\n[borlabs-cookie type=&#8221;btn-cookie-preference&#8221; title=&#8221;Personalizzare le impostazioni dei cookie&#8221; \/]\n<p><strong>\u2014ITALIANO\u2014<\/strong><\/p>\n<p><b>COOKIES<\/b><br \/>\n<strong>Cosa sono i cookies?<\/strong><br \/>\nI cookies sono piccoli file di testo che vengono salvati sul tuo computer quando visiti determinati siti internet.<br \/>\nPer questo sito e relativi sotto-domini utilizziamo cookies, chiedendone il consenso all\u2019utente ove la legge o i regolamenti applicabili lo prevedano, per agevolare la navigazione e personalizzare le informazioni rivolte all\u2019utente. Utilizziamo inoltre sistemi simili per raccogliere informazioni sugli utenti, quali ad esempio indirizzo IP, tipo di browser e sistema operativo utilizzato e\/o pagine web visitate da un utente, per finalit\u00e0 statistiche o di sicurezza.<br \/>\nTi informiamo che se deciderai di disabilitare o rifiutare i cookies alcune parti del sito e relativi sotto-domini potrebbero essere inaccessibili o non funzionare correttamente.<br \/>\nPertanto per un utilizzo agevolato e completo di questo sito sarebbe opportuno che l\u2019utente configurasse il proprio browser in modo che accetti la ricezione di tali cookies.<br \/>\nI cookies non sono dannosi per il tuo computer, tablet o smartphone. Nei cookies generati da questo sito, non vengono conservate informazioni identificative personali ma solo informazioni criptate.<\/p>\n<p><strong>Questo sito e relativi sotto-domini utilizzano i seguenti cookie:<\/strong><\/p>\n<p><strong>Cookie di navigazione<\/strong><br \/>\nQuesti cookie sono fondamentali per permetterti di navigare sul sito ed utilizzare le sue funzionalit\u00e0. Senza cookie \u00e8 possibile che alcune funzionalit\u00e0 non siano accessibili o non funzionino correttamente.<br \/>\nI cookie strettamente necessari sono utilizzati per memorizzare un identificatore al fine di individuare l\u2019utente in modo unico rispetto ad altri utenti, in modo da fornire all\u2019utente un servizio coerente e preciso.<\/p>\n<p><strong>Performance cookie<\/strong><br \/>\nQuesti cookie possono essere nostri o di partner, di sessione o persistenti. Il loro utilizzo \u00e8 limitato alla performance e al miglioramento del sito. Questi cookies non raccolgono informazioni che possono identificare l\u2019utente. Tutte le informazioni raccolte da questi cookie sono aggregate in forma anonima e sono utilizzate solo per migliorare la funzionalit\u00e0 del sito.<\/p>\n<p><strong>Cookie funzionali<\/strong><br \/>\nI cookie solitamente sono conseguenti ad un\u2019azione dell\u2019utente, ma possono essere anche implementati nella fornitura di un servizio, non esplicitamente richiesto, ma offerto all\u2019utente. Possono essere inoltre utilizzati per evitare di offrire nuovamente ad uno specifico utente un servizio gi\u00e0 proposto. Inoltre, questi cookie permettono al sito di tenere traccia delle scelte dell\u2019utente. Le informazioni raccolte da questi cookies sono anonime e non possono ricondurre il comportamento dell\u2019utente su altri siti.<\/p>\n<p><strong>Cookie di terze parti per marketing\/retargeting<\/strong><br \/>\nQuesti cookie sono utilizzati da partner del sito, al fine di proporre nostri messaggi pubblicitari quando visiti altri siti, mostrando ad esempio gli ultimi prodotti che hai visualizzato sul sito. Questi cookie possono essere utilizzati anche per mostrare prodotti che potrebbero interessarti o simili a quelli che hai visualizzato precedentemente. L\u2019uso di questi cookie non implica il trattamento di dati personali, ma pu\u00f2 consentire la connessione al browser installato sul tuo computer o su altri dispositivi utilizzati durante la navigazione.<\/p>\n<p><strong>Come disabilitare i cookie<\/strong><br \/>\nLe norme sulla protezione dei dati personali prevedono che l\u2019utente possa disabilitare cookie gi\u00e0 somministrati(\u201copt-out\u201d).L\u2019opt-out \u00e8 previsto per i cd. \u201ccookie tecnici\u201d (art.122 del Codice della Privacy),nonch\u00e9 per i cookies che non rientrino tra i \u201ccookie tecnici\u201dprecedentemente accettati(\u201copt in\u201d)dall\u2019utente.<\/p>\n<p><strong>Come disabilitare i cookie nei vari browser:<\/strong><br \/>\n<strong>Internet Explorer<\/strong><br \/>\n1. Per aprire Internet Explorer, fare clic sul pulsante Start. Nella casella di ricerca digitare Internet Explorer e quindi nell\u2019elenco dei risultati fare clic su Internet Explorer.<br \/>\n2. Fare clic sul pulsante Strumenti e quindi su Opzioni Internet.<br \/>\n3. Fare clic sulla scheda Privacy e in Impostazioni spostare il dispositivo di scorrimento verso l\u2019alto per bloccare tutti i cookie oppure verso il basso per consentirli tutti e quindi fare clic su OK.<br \/>\nIl blocco dei cookie potrebbe impedire la corretta visualizzazione di alcune pagine Web.<\/p>\n<p><strong>Firefox<\/strong><br \/>\nPer impostare Firefox in modo tale che possa bloccare i cookie di tutti i siti web:<br \/>\n1. Fare clic sul pulsante dei menu e selezionare Opzioni.<br \/>\n2. Selezionare il pannello Privacy.<br \/>\n3. Alla voce Impostazioni cronologia selezionare l\u2019opzione utilizza impostazioni personalizzate.<br \/>\n4. Rimuovere il contrassegno da Accetta i cookie dai siti.<br \/>\n5. Fare clic su OK per chiudere la finestra delle opzioni.<\/p>\n<p><strong>Google Chrome<\/strong><br \/>\n1. Seleziona l\u2019icona del menu Chrome .<br \/>\n2. Seleziona Impostazioni.<br \/>\n3. Nella parte inferiore della pagina, seleziona Mostra impostazioni avanzate.<br \/>\n4. Nella sezione \u201ePrivacy\u201c, seleziona Impostazioni contenuti.<br \/>\n5. Seleziona Impedisci ai siti di impostare dati.<br \/>\n6. Seleziona Fine.<\/p>\n<p>In forza di tale distinzione,l\u2019utente potr\u00e0 procedere alla disabilitazione e\/o cancellazione dei cookie(\u201copt-out\u201d) mediante le relative impostazioni del proprio browser e alla disabilitazione e\/o cancellazione dei singoli cookie non \u201ctecnici\u201dsomministrati dalle terze parti accedendo al sito web gestito da European Interactive Digital Advertising Alliance(EDAA)all\u2019indirizzo <a href=\"http:\/\/www.youronlinechoices.eu\/\" target=\"_blank\" rel=\"noopener noreferrer\">www.youronlinechoices.eu<\/a><\/p>\n<p>&nbsp;<\/p>\n<p>Questo sito web utilizza Google Analytics, un servizio di analisi web fornito da Google, Inc. (\u201eGoogle\u201c).<br \/>\nGoogle Analytics utilizza i \u201ecookies\u201c, file di testo depositati sul tuo computer, per consentire di raccogliere e analizzare in forma anonima le informazioni sui comportamenti di utilizzo del nostro sito (compreso il Vostro indirizzo IP).<br \/>\nTali informazioni vengono trasmesse a Google il quale le elabora allo scopo di redigere report per gli nostri operatori riguardanti le tue attivit\u00e0 sul sito web stesso. Questo sito non utilizza (e non consente a terzi di utilizzare) lo strumento di analisi di Google per monitorare o per raccogliere le tue informazioni personali di identificazione. Google non associa il tuo indirizzo IP a nessun altro dato posseduto da Google n\u00e8 cerca di collegare un indirizzo IP con l\u2019identit\u00e0 di un utente di computer. Google pu\u00f2 anche trasferire queste informazioni a terzi ove ci\u00f2 sia imposto dalla legge o laddove tali terzi trattino le suddette informazioni per conto di Google. E\u2019 possibile rifiutare l\u2019utilizzo dei cookie selezionando l\u2019impostazione appropriata sul tuo browser, ma ci\u00f2 potrebbe impedirti di utilizzare tutte le funzionalit\u00e0 di questo sito web. Utilizzando il nostro sito acconsenti al trattamento dei tuoi dati da parte di Google per le modalit\u00e0 e i fini sopraindicati.<\/p>\n[\/vc_column_text][\/vc_column][\/vc_row]","protected":false},"excerpt":{"rendered":"<p>[vc_row type=&#8221;in_container&#8221; full_screen_row_position=&#8221;middle&#8221; column_margin=&#8221;default&#8221; column_direction=&#8221;default&#8221; column_direction_tablet=&#8221;default&#8221; column_direction_phone=&#8221;default&#8221; scene_position=&#8221;center&#8221; text_color=&#8221;dark&#8221; text_align=&#8221;left&#8221; row_border_radius=&#8221;none&#8221; row_border_radius_applies=&#8221;bg&#8221; overflow=&#8221;visible&#8221; overlay_strength=&#8221;0.3&#8243; gradient_direction=&#8221;left_to_right&#8221; shape_divider_position=&#8221;bottom&#8221; bg_image_animation=&#8221;none&#8221;][vc_column column_padding=&#8221;no-extra-padding&#8221; column_padding_tablet=&#8221;inherit&#8221; column_padding_phone=&#8221;inherit&#8221; column_padding_position=&#8221;all&#8221; column_element_direction_desktop=&#8221;default&#8221; column_element_spacing=&#8221;default&#8221; desktop_text_alignment=&#8221;default&#8221; tablet_text_alignment=&#8221;default&#8221; phone_text_alignment=&#8221;default&#8221; background_color_opacity=&#8221;1&#8243; background_hover_color_opacity=&#8221;1&#8243; column_backdrop_filter=&#8221;none&#8221; column_shadow=&#8221;none&#8221;&#8230;<\/p>\n","protected":false},"author":1,"featured_media":0,"parent":0,"menu_order":97,"comment_status":"closed","ping_status":"closed","template":"","meta":{"footnotes":""},"class_list":["post-1466","page","type-page","status-publish"],"_links":{"self":[{"href":"https:\/\/www.wildschuetz.it\/it\/wp-json\/wp\/v2\/pages\/1466","targetHints":{"allow":["GET"]}}],"collection":[{"href":"https:\/\/www.wildschuetz.it\/it\/wp-json\/wp\/v2\/pages"}],"about":[{"href":"https:\/\/www.wildschuetz.it\/it\/wp-json\/wp\/v2\/types\/page"}],"author":[{"embeddable":true,"href":"https:\/\/www.wildschuetz.it\/it\/wp-json\/wp\/v2\/users\/1"}],"replies":[{"embeddable":true,"href":"https:\/\/www.wildschuetz.it\/it\/wp-json\/wp\/v2\/comments?post=1466"}],"version-history":[{"count":7,"href":"https:\/\/www.wildschuetz.it\/it\/wp-json\/wp\/v2\/pages\/1466\/revisions"}],"predecessor-version":[{"id":1488,"href":"https:\/\/www.wildschuetz.it\/it\/wp-json\/wp\/v2\/pages\/1466\/revisions\/1488"}],"wp:attachment":[{"href":"https:\/\/www.wildschuetz.it\/it\/wp-json\/wp\/v2\/media?parent=1466"}],"curies":[{"name":"wp","href":"https:\/\/api.w.org\/{rel}","templated":true}]}}